{"id":76,"date":"2025-12-01T17:12:10","date_gmt":"2025-12-01T17:12:10","guid":{"rendered":"http:\/\/odycea-devoluy.com\/?page_id=76"},"modified":"2026-01-12T11:13:30","modified_gmt":"2026-01-12T11:13:30","slug":"nos-experiences","status":"publish","type":"page","link":"https:\/\/odycea-devoluy.com\/en\/nos-experiences\/","title":{"rendered":"Our experiences"},"content":{"rendered":"\t\t<div data-elementor-type=\"wp-page\" data-elementor-id=\"76\" class=\"elementor elementor-76\" data-elementor-post-type=\"page\">\n\t\t\t\t<div class=\"elementor-element elementor-element-d5f1e0a hero-container e-con-full e-flex e-con e-child\" data-id=\"d5f1e0a\" data-element_type=\"container\" data-e-type=\"container\" data-settings=\"{&quot;background_background&quot;:&quot;classic&quot;}\">\n\t\t<div class=\"elementor-element elementor-element-14d0127 e-flex e-con-boxed e-con e-child\" data-id=\"14d0127\" data-element_type=\"container\" data-e-type=\"container\">\n\t\t\t\t\t<div class=\"e-con-inner\">\n\t\t\t\t<div class=\"elementor-element elementor-element-8879d29 bicolor-title elementor-widget elementor-widget-heading\" data-id=\"8879d29\" data-element_type=\"widget\" data-e-type=\"widget\" data-widget_type=\"heading.default\">\n\t\t\t\t\t<h1 class=\"elementor-heading-title elementor-size-default\">Nos exp\u00e9riences bien-\u00eatre en montagne<\/h1>\t\t\t\t<\/div>\n\t\t\t\t<div class=\"elementor-element elementor-element-d604669 elementor-widget elementor-widget-text-editor\" data-id=\"d604669\" data-element_type=\"widget\" data-e-type=\"widget\" data-widget_type=\"text-editor.default\">\n\t\t\t\t\t\t\t\t\t<p><strong>Au c\u0153ur du D\u00e9voluy, dans les Hautes-Alpes, O\u2019dyc\u00e9a vous propose une s\u00e9lection d\u2019exp\u00e9riences bien-\u00eatre pens\u00e9es pour la d\u00e9tente et la r\u00e9cup\u00e9ration en altitude. <\/strong><\/p><p>Apr\u00e8s une journ\u00e9e de ski, de randonn\u00e9e ou simplement pour le plaisir de prendre soin de soi, d\u00e9couvrez un centre bien-\u00eatre en pleine montagne alliant baln\u00e9oth\u00e9rapie, spa, soins personnalis\u00e9s et espace famille. Quatre univers compl\u00e9mentaires pour vivre une parenth\u00e8se de relaxation, seul, en couple ou en famille.<\/p>\t\t\t\t\t\t\t\t<\/div>\n\t\t\t\t\t<\/div>\n\t\t\t\t<\/div>\n\t\t<div class=\"elementor-element elementor-element-4de7bc2 e-con-full menu-rubriques e-flex e-con e-child\" data-id=\"4de7bc2\" data-element_type=\"container\" data-e-type=\"container\">\n\t\t\t\t<div class=\"elementor-element elementor-element-7f63fbc e-n-menu-none e-full_width e-n-menu-layout-horizontal elementor-widget elementor-widget-n-menu\" data-id=\"7f63fbc\" data-element_type=\"widget\" data-e-type=\"widget\" data-settings=\"{&quot;menu_items&quot;:[{&quot;item_title&quot;:&quot;Baln\\u00e9o&quot;,&quot;_id&quot;:&quot;62e6e11&quot;,&quot;item_link&quot;:{&quot;url&quot;:&quot;https:\\\/\\\/odycea-devoluy.com\\\/en\\\/nos-experiences\\\/balneotherapie\\\/&quot;,&quot;is_external&quot;:&quot;&quot;,&quot;nofollow&quot;:&quot;&quot;,&quot;custom_attributes&quot;:&quot;&quot;},&quot;__dynamic__&quot;:{&quot;item_link&quot;:&quot;[elementor-tag id=\\&quot;0985f2a\\&quot; name=\\&quot;internal-url\\&quot; settings=\\&quot;%7B%22type%22%3A%22post%22%2C%22post_id%22%3A%2253%22%7D\\&quot;]&quot;},&quot;item_dropdown_content&quot;:&quot;no&quot;,&quot;item_icon&quot;:{&quot;value&quot;:&quot;&quot;,&quot;library&quot;:&quot;&quot;},&quot;item_icon_active&quot;:null,&quot;element_id&quot;:&quot;&quot;},{&quot;item_title&quot;:&quot;SPA&quot;,&quot;_id&quot;:&quot;e97190a&quot;,&quot;item_link&quot;:{&quot;url&quot;:&quot;https:\\\/\\\/odycea-devoluy.com\\\/en\\\/nos-experiences\\\/spa\\\/&quot;,&quot;is_external&quot;:&quot;&quot;,&quot;nofollow&quot;:&quot;&quot;,&quot;custom_attributes&quot;:&quot;&quot;},&quot;__dynamic__&quot;:{&quot;item_link&quot;:&quot;[elementor-tag id=\\&quot;accf9db\\&quot; name=\\&quot;internal-url\\&quot; settings=\\&quot;%7B%22type%22%3A%22post%22%2C%22post_id%22%3A%2259%22%7D\\&quot;]&quot;},&quot;item_dropdown_content&quot;:&quot;no&quot;,&quot;item_icon&quot;:{&quot;value&quot;:&quot;&quot;,&quot;library&quot;:&quot;&quot;},&quot;item_icon_active&quot;:null,&quot;element_id&quot;:&quot;&quot;},{&quot;item_title&quot;:&quot;Soins&quot;,&quot;_id&quot;:&quot;b382507&quot;,&quot;item_link&quot;:{&quot;url&quot;:&quot;https:\\\/\\\/odycea-devoluy.com\\\/en\\\/nos-experiences\\\/soins\\\/&quot;,&quot;is_external&quot;:&quot;&quot;,&quot;nofollow&quot;:&quot;&quot;,&quot;custom_attributes&quot;:&quot;&quot;},&quot;__dynamic__&quot;:{&quot;item_link&quot;:&quot;[elementor-tag id=\\&quot;d0a5592\\&quot; name=\\&quot;internal-url\\&quot; settings=\\&quot;%7B%22type%22%3A%22post%22%2C%22post_id%22%3A%2261%22%7D\\&quot;]&quot;},&quot;item_dropdown_content&quot;:&quot;no&quot;,&quot;item_icon&quot;:{&quot;value&quot;:&quot;&quot;,&quot;library&quot;:&quot;&quot;},&quot;item_icon_active&quot;:null,&quot;element_id&quot;:&quot;&quot;},{&quot;item_title&quot;:&quot;Espace famille et enfants&quot;,&quot;_id&quot;:&quot;a9ee73e&quot;,&quot;item_link&quot;:{&quot;url&quot;:&quot;https:\\\/\\\/odycea-devoluy.com\\\/en\\\/nos-experiences\\\/espace-famille-et-enfants\\\/&quot;,&quot;is_external&quot;:&quot;&quot;,&quot;nofollow&quot;:&quot;&quot;,&quot;custom_attributes&quot;:&quot;&quot;},&quot;__dynamic__&quot;:{&quot;item_link&quot;:&quot;[elementor-tag id=\\&quot;a7a1bb0\\&quot; name=\\&quot;internal-url\\&quot; settings=\\&quot;%7B%22type%22%3A%22post%22%2C%22post_id%22%3A%2255%22%7D\\&quot;]&quot;},&quot;item_dropdown_content&quot;:&quot;no&quot;,&quot;item_icon&quot;:{&quot;value&quot;:&quot;&quot;,&quot;library&quot;:&quot;&quot;},&quot;item_icon_active&quot;:null,&quot;element_id&quot;:&quot;&quot;}],&quot;breakpoint_selector&quot;:&quot;none&quot;,&quot;item_position_horizontal_laptop&quot;:&quot;center&quot;,&quot;horizontal_scroll_laptop&quot;:&quot;enable&quot;,&quot;menu_item_title_distance_from_content&quot;:{&quot;unit&quot;:&quot;px&quot;,&quot;size&quot;:&quot;&quot;,&quot;sizes&quot;:[]},&quot;horizontal_scroll_mobile&quot;:&quot;disable&quot;,&quot;content_width&quot;:&quot;full_width&quot;,&quot;item_layout&quot;:&quot;horizontal&quot;,&quot;open_on&quot;:&quot;hover&quot;,&quot;horizontal_scroll&quot;:&quot;disable&quot;,&quot;menu_item_title_distance_from_content_laptop&quot;:{&quot;unit&quot;:&quot;px&quot;,&quot;size&quot;:&quot;&quot;,&quot;sizes&quot;:[]},&quot;menu_item_title_distance_from_content_tablet&quot;:{&quot;unit&quot;:&quot;px&quot;,&quot;size&quot;:&quot;&quot;,&quot;sizes&quot;:[]},&quot;menu_item_title_distance_from_content_mobile&quot;:{&quot;unit&quot;:&quot;px&quot;,&quot;size&quot;:&quot;&quot;,&quot;sizes&quot;:[]}}\" data-widget_type=\"mega-menu.default\">\n\t\t\t\t\t\t\t<nav class=\"e-n-menu\" data-widget-number=\"133\" aria-label=\"Menu\">\n\t\t\t\t\t<button class=\"e-n-menu-toggle\" id=\"menu-toggle-133\" aria-haspopup=\"true\" aria-expanded=\"false\" aria-controls=\"menubar-133\" aria-label=\"Menu Toggle\">\n\t\t\t<span class=\"e-n-menu-toggle-icon e-open\">\n\t\t\t\t<svg class=\"e-font-icon-svg e-eicon-menu-bar\" viewBox=\"0 0 1000 1000\" xmlns=\"http:\/\/www.w3.org\/2000\/svg\"><path d=\"M104 333H896C929 333 958 304 958 271S929 208 896 208H104C71 208 42 237 42 271S71 333 104 333ZM104 583H896C929 583 958 554 958 521S929 458 896 458H104C71 458 42 487 42 521S71 583 104 583ZM104 833H896C929 833 958 804 958 771S929 708 896 708H104C71 708 42 737 42 771S71 833 104 833Z\"><\/path><\/svg>\t\t\t<\/span>\n\t\t\t<span class=\"e-n-menu-toggle-icon e-close\">\n\t\t\t\t<svg class=\"e-font-icon-svg e-eicon-close\" viewBox=\"0 0 1000 1000\" xmlns=\"http:\/\/www.w3.org\/2000\/svg\"><path d=\"M742 167L500 408 258 167C246 154 233 150 217 150 196 150 179 158 167 167 154 179 150 196 150 212 150 229 154 242 171 254L408 500 167 742C138 771 138 800 167 829 196 858 225 858 254 829L496 587 738 829C750 842 767 846 783 846 800 846 817 842 829 829 842 817 846 804 846 783 846 767 842 750 829 737L588 500 833 258C863 229 863 200 833 171 804 137 775 137 742 167Z\"><\/path><\/svg>\t\t\t<\/span>\n\t\t<\/button>\n\t\t\t\t\t<div class=\"e-n-menu-wrapper\" id=\"menubar-133\" aria-labelledby=\"menu-toggle-133\">\n\t\t\t\t<ul class=\"e-n-menu-heading\">\n\t\t\t\t\t\t\t\t<li class=\"e-n-menu-item\">\n\t\t\t\t<div id=\"e-n-menu-title-1331\" class=\"e-n-menu-title\">\n\t\t\t\t\t<a class=\"e-n-menu-title-container e-focus e-link\" href=\"https:\/\/odycea-devoluy.com\/en\/nos-experiences\/balneotherapie\/\">\t\t\t\t\t\t\t\t\t\t\t\t<span class=\"e-n-menu-title-text\">\n\t\t\t\t\t\t\tBaln\u00e9o\t\t\t\t\t\t<\/span>\n\t\t\t\t\t<\/a>\t\t\t\t\t\t\t\t\t<\/div>\n\t\t\t\t\t\t\t<\/li>\n\t\t\t\t\t<li class=\"e-n-menu-item\">\n\t\t\t\t<div id=\"e-n-menu-title-1332\" class=\"e-n-menu-title\">\n\t\t\t\t\t<a class=\"e-n-menu-title-container e-focus e-link\" href=\"https:\/\/odycea-devoluy.com\/en\/nos-experiences\/spa\/\">\t\t\t\t\t\t\t\t\t\t\t\t<span class=\"e-n-menu-title-text\">\n\t\t\t\t\t\t\tSPA\t\t\t\t\t\t<\/span>\n\t\t\t\t\t<\/a>\t\t\t\t\t\t\t\t\t<\/div>\n\t\t\t\t\t\t\t<\/li>\n\t\t\t\t\t<li class=\"e-n-menu-item\">\n\t\t\t\t<div id=\"e-n-menu-title-1333\" class=\"e-n-menu-title\">\n\t\t\t\t\t<a class=\"e-n-menu-title-container e-focus e-link\" href=\"https:\/\/odycea-devoluy.com\/en\/nos-experiences\/soins\/\">\t\t\t\t\t\t\t\t\t\t\t\t<span class=\"e-n-menu-title-text\">\n\t\t\t\t\t\t\tSoins\t\t\t\t\t\t<\/span>\n\t\t\t\t\t<\/a>\t\t\t\t\t\t\t\t\t<\/div>\n\t\t\t\t\t\t\t<\/li>\n\t\t\t\t\t<li class=\"e-n-menu-item\">\n\t\t\t\t<div id=\"e-n-menu-title-1334\" class=\"e-n-menu-title\">\n\t\t\t\t\t<a class=\"e-n-menu-title-container e-focus e-link\" href=\"https:\/\/odycea-devoluy.com\/en\/nos-experiences\/espace-famille-et-enfants\/\">\t\t\t\t\t\t\t\t\t\t\t\t<span class=\"e-n-menu-title-text\">\n\t\t\t\t\t\t\tEspace famille et enfants\t\t\t\t\t\t<\/span>\n\t\t\t\t\t<\/a>\t\t\t\t\t\t\t\t\t<\/div>\n\t\t\t\t\t\t\t<\/li>\n\t\t\t\t\t\t<\/ul>\n\t\t\t<\/div>\n\t\t<\/nav>\n\t\t\t\t\t\t<\/div>\n\t\t\t\t<\/div>\n\t\t\t\t<\/div>\n\t\t\t\t<\/div>\n\t\t","protected":false},"excerpt":{"rendered":"<p>Nos exp\u00e9riences bien-\u00eatre en montagne Au c\u0153ur du D\u00e9voluy, dans les Hautes-Alpes, O\u2019dyc\u00e9a vous propose une s\u00e9lection d\u2019exp\u00e9riences bien-\u00eatre pens\u00e9es pour la d\u00e9tente et la r\u00e9cup\u00e9ration en altitude. Apr\u00e8s une journ\u00e9e de ski, de randonn\u00e9e ou simplement pour le plaisir de prendre soin de soi, d\u00e9couvrez un centre bien-\u00eatre en pleine montagne alliant baln\u00e9oth\u00e9rapie, spa, [&hellip;]<\/p>\n","protected":false},"author":1,"featured_media":0,"parent":0,"menu_order":0,"comment_status":"closed","ping_status":"closed","template":"","meta":{"_acf_changed":false,"footnotes":""},"class_list":["post-76","page","type-page","status-publish","hentry"],"acf":[],"_links":{"self":[{"href":"https:\/\/odycea-devoluy.com\/en\/wp-json\/wp\/v2\/pages\/76","targetHints":{"allow":["GET"]}}],"collection":[{"href":"https:\/\/odycea-devoluy.com\/en\/wp-json\/wp\/v2\/pages"}],"about":[{"href":"https:\/\/odycea-devoluy.com\/en\/wp-json\/wp\/v2\/types\/page"}],"author":[{"embeddable":true,"href":"https:\/\/odycea-devoluy.com\/en\/wp-json\/wp\/v2\/users\/1"}],"replies":[{"embeddable":true,"href":"https:\/\/odycea-devoluy.com\/en\/wp-json\/wp\/v2\/comments?post=76"}],"version-history":[{"count":10,"href":"https:\/\/odycea-devoluy.com\/en\/wp-json\/wp\/v2\/pages\/76\/revisions"}],"predecessor-version":[{"id":3322,"href":"https:\/\/odycea-devoluy.com\/en\/wp-json\/wp\/v2\/pages\/76\/revisions\/3322"}],"wp:attachment":[{"href":"https:\/\/odycea-devoluy.com\/en\/wp-json\/wp\/v2\/media?parent=76"}],"curies":[{"name":"wp","href":"https:\/\/api.w.org\/{rel}","templated":true}]}}