{"id":74,"date":"2025-12-01T17:11:37","date_gmt":"2025-12-01T17:11:37","guid":{"rendered":"http:\/\/odycea-devoluy.com\/?page_id=74"},"modified":"2026-01-30T11:30:30","modified_gmt":"2026-01-30T11:30:30","slug":"contact","status":"publish","type":"page","link":"https:\/\/odycea-devoluy.com\/en\/contact\/","title":{"rendered":"Contact"},"content":{"rendered":"\t\t<div data-elementor-type=\"wp-page\" data-elementor-id=\"74\" class=\"elementor elementor-74\" data-elementor-post-type=\"page\">\n\t\t\t\t<div class=\"elementor-element elementor-element-7f8c8af hero-container e-con-full e-flex e-con e-child\" data-id=\"7f8c8af\" data-element_type=\"container\" data-e-type=\"container\" data-settings=\"{&quot;background_background&quot;:&quot;classic&quot;}\">\n\t\t<div class=\"elementor-element elementor-element-9e47022 e-flex e-con-boxed e-con e-child\" data-id=\"9e47022\" data-element_type=\"container\" data-e-type=\"container\">\n\t\t\t\t\t<div class=\"e-con-inner\">\n\t\t\t\t<div class=\"elementor-element elementor-element-26d3938 bicolor-title  elementor-widget elementor-widget-heading\" data-id=\"26d3938\" data-element_type=\"widget\" data-e-type=\"widget\" data-widget_type=\"heading.default\">\n\t\t\t\t\t<h1 class=\"elementor-heading-title elementor-size-default\">Contactez-nous<\/h1>\t\t\t\t<\/div>\n\t\t\t\t<div class=\"elementor-element elementor-element-859e2e7 elementor-widget elementor-widget-text-editor\" data-id=\"859e2e7\" data-element_type=\"widget\" data-e-type=\"widget\" data-widget_type=\"text-editor.default\">\n\t\t\t\t\t\t\t\t\t<p>Notre \u00e9quipe se fera un plaisir de vous r\u00e9pondre.<\/p>\t\t\t\t\t\t\t\t<\/div>\n\t\t\t\t\t<\/div>\n\t\t\t\t<\/div>\n\t\t\t\t<\/div>\n\t\t<div class=\"elementor-element elementor-element-6b846b5 ancre-page e-flex e-con-boxed e-con e-child\" data-id=\"6b846b5\" data-element_type=\"container\" data-e-type=\"container\">\n\t\t\t\t\t<div class=\"e-con-inner\">\n\t\t<div class=\"elementor-element elementor-element-ab5f389 e-con-full e-flex e-con e-child\" data-id=\"ab5f389\" data-element_type=\"container\" data-e-type=\"container\">\n\t\t\t\t<div class=\"elementor-element elementor-element-29b20bf elementor-widget elementor-widget-heading\" data-id=\"29b20bf\" data-element_type=\"widget\" data-e-type=\"widget\" data-widget_type=\"heading.default\">\n\t\t\t\t\t<h2 class=\"elementor-heading-title elementor-size-default\">Informations Contact\n<\/h2>\t\t\t\t<\/div>\n\t\t<div class=\"elementor-element elementor-element-b6eb13c e-con-full e-flex e-con e-child\" data-id=\"b6eb13c\" data-element_type=\"container\" data-e-type=\"container\">\n\t\t\t\t<div class=\"elementor-element elementor-element-cbdaeb8 elementor-position-inline-start elementor-mobile-position-inline-start elementor-view-default elementor-widget elementor-widget-icon-box\" data-id=\"cbdaeb8\" data-element_type=\"widget\" data-e-type=\"widget\" data-widget_type=\"icon-box.default\">\n\t\t\t\t\t\t\t<div class=\"elementor-icon-box-wrapper\">\n\n\t\t\t\t\t\t<div class=\"elementor-icon-box-icon\">\n\t\t\t\t<a href=\"https:\/\/maps.app.goo.gl\/1Grmdsmyt6gFgDhaA\" target=\"_blank\" class=\"elementor-icon\" tabindex=\"-1\" aria-label=\"Venir \u00e0 nous\">\n\t\t\t\t<svg xmlns=\"http:\/\/www.w3.org\/2000\/svg\" viewBox=\"0 0 148.82 148.82\"><path d=\"M107.84,41.88c-.06-1.95.32-3.88,1.13-5.65l-.85-.85c-25.14-23.45-64.15-23.45-89.29,0-24.88,24.58-25.13,64.68-.56,89.57l.56.56c25.14,23.45,64.15,23.45,89.29,0,12.39-11.73,19.27-28.15,18.93-45.21.06-5.53-.61-11.04-1.98-16.39-10.19-2.36-17.28-11.59-16.95-22.03h-.28ZM95.69,114.22c-18.65,18.93-49.12,19.15-68.05.5-18.93-18.65-19.15-49.12-.5-68.05,18.65-18.93,49.12-19.15,68.05-.5,9.15,9.01,14.31,21.31,14.35,34.15.37,12.61-4.54,24.8-13.56,33.63l-.28.28Z\"><\/path><path d=\"M125.64,5.71c3.1,4.3,4.86,9.4,5.09,14.69.1,5.5-2.55,10.7-7.06,13.85-1.13.85-4.8,4.24-4.8,7.63,0,11.02,9.89,12.15,14.13,12.15,13.85,0,15.82-11.02,15.82-17.52.1-14.22-9.24-26.79-22.89-30.8h-.28Z\"><\/path><\/svg>\t\t\t\t<\/a>\n\t\t\t<\/div>\n\t\t\t\n\t\t\t\t\t\t<div class=\"elementor-icon-box-content\">\n\n\t\t\t\t\t\t\t\t\t<h3 class=\"elementor-icon-box-title\">\n\t\t\t\t\t\t<a href=\"https:\/\/maps.app.goo.gl\/1Grmdsmyt6gFgDhaA\" target=\"_blank\" >\n\t\t\t\t\t\t\tVenir \u00e0 nous\t\t\t\t\t\t<\/a>\n\t\t\t\t\t<\/h3>\n\t\t\t\t\n\t\t\t\t\t\t\t\t\t<p class=\"elementor-icon-box-description\">\n\t\t\t\t\t\tOdycea, 05250 D\u00e9voluy\t\t\t\t\t<\/p>\n\t\t\t\t\n\t\t\t<\/div>\n\t\t\t\n\t\t<\/div>\n\t\t\t\t\t\t<\/div>\n\t\t\t\t<div class=\"elementor-element elementor-element-3898012 elementor-position-inline-start elementor-mobile-position-inline-start elementor-view-default elementor-widget elementor-widget-icon-box\" data-id=\"3898012\" data-element_type=\"widget\" data-e-type=\"widget\" data-widget_type=\"icon-box.default\">\n\t\t\t\t\t\t\t<div class=\"elementor-icon-box-wrapper\">\n\n\t\t\t\t\t\t<div class=\"elementor-icon-box-icon\">\n\t\t\t\t<a href=\"tel:0492200919\" target=\"_blank\" class=\"elementor-icon\" tabindex=\"-1\" aria-label=\"T\u00e9l\u00e9phone\">\n\t\t\t\t<svg xmlns=\"http:\/\/www.w3.org\/2000\/svg\" viewBox=\"0 0 148.82 148.82\"><path d=\"M107.84,41.88c-.06-1.95.32-3.88,1.13-5.65l-.85-.85c-25.14-23.45-64.15-23.45-89.29,0-24.88,24.58-25.13,64.68-.56,89.57l.56.56c25.14,23.45,64.15,23.45,89.29,0,12.39-11.73,19.27-28.15,18.93-45.21.06-5.53-.61-11.04-1.98-16.39-10.19-2.36-17.28-11.59-16.95-22.03h-.28ZM95.69,114.22c-18.65,18.93-49.12,19.15-68.05.5-18.93-18.65-19.15-49.12-.5-68.05,18.65-18.93,49.12-19.15,68.05-.5,9.15,9.01,14.31,21.31,14.35,34.15.37,12.61-4.54,24.8-13.56,33.63l-.28.28Z\"><\/path><path d=\"M125.64,5.71c3.1,4.3,4.86,9.4,5.09,14.69.1,5.5-2.55,10.7-7.06,13.85-1.13.85-4.8,4.24-4.8,7.63,0,11.02,9.89,12.15,14.13,12.15,13.85,0,15.82-11.02,15.82-17.52.1-14.22-9.24-26.79-22.89-30.8h-.28Z\"><\/path><\/svg>\t\t\t\t<\/a>\n\t\t\t<\/div>\n\t\t\t\n\t\t\t\t\t\t<div class=\"elementor-icon-box-content\">\n\n\t\t\t\t\t\t\t\t\t<h3 class=\"elementor-icon-box-title\">\n\t\t\t\t\t\t<a href=\"tel:0492200919\" target=\"_blank\" >\n\t\t\t\t\t\t\tT\u00e9l\u00e9phone\t\t\t\t\t\t<\/a>\n\t\t\t\t\t<\/h3>\n\t\t\t\t\n\t\t\t\t\t\t\t\t\t<p class=\"elementor-icon-box-description\">\n\t\t\t\t\t\t04 92 20 09 19\t\t\t\t\t<\/p>\n\t\t\t\t\n\t\t\t<\/div>\n\t\t\t\n\t\t<\/div>\n\t\t\t\t\t\t<\/div>\n\t\t\t\t<div class=\"elementor-element elementor-element-2d82947 elementor-position-inline-start elementor-mobile-position-inline-start elementor-view-default elementor-widget elementor-widget-icon-box\" data-id=\"2d82947\" data-element_type=\"widget\" data-e-type=\"widget\" data-widget_type=\"icon-box.default\">\n\t\t\t\t\t\t\t<div class=\"elementor-icon-box-wrapper\">\n\n\t\t\t\t\t\t<div class=\"elementor-icon-box-icon\">\n\t\t\t\t<a href=\"mailto:contact@odycea-devoluy.com\" target=\"_blank\" class=\"elementor-icon\" tabindex=\"-1\" aria-label=\"Contact\">\n\t\t\t\t<svg xmlns=\"http:\/\/www.w3.org\/2000\/svg\" viewBox=\"0 0 148.82 148.82\"><path d=\"M107.84,41.88c-.06-1.95.32-3.88,1.13-5.65l-.85-.85c-25.14-23.45-64.15-23.45-89.29,0-24.88,24.58-25.13,64.68-.56,89.57l.56.56c25.14,23.45,64.15,23.45,89.29,0,12.39-11.73,19.27-28.15,18.93-45.21.06-5.53-.61-11.04-1.98-16.39-10.19-2.36-17.28-11.59-16.95-22.03h-.28ZM95.69,114.22c-18.65,18.93-49.12,19.15-68.05.5-18.93-18.65-19.15-49.12-.5-68.05,18.65-18.93,49.12-19.15,68.05-.5,9.15,9.01,14.31,21.31,14.35,34.15.37,12.61-4.54,24.8-13.56,33.63l-.28.28Z\"><\/path><path d=\"M125.64,5.71c3.1,4.3,4.86,9.4,5.09,14.69.1,5.5-2.55,10.7-7.06,13.85-1.13.85-4.8,4.24-4.8,7.63,0,11.02,9.89,12.15,14.13,12.15,13.85,0,15.82-11.02,15.82-17.52.1-14.22-9.24-26.79-22.89-30.8h-.28Z\"><\/path><\/svg>\t\t\t\t<\/a>\n\t\t\t<\/div>\n\t\t\t\n\t\t\t\t\t\t<div class=\"elementor-icon-box-content\">\n\n\t\t\t\t\t\t\t\t\t<h3 class=\"elementor-icon-box-title\">\n\t\t\t\t\t\t<a href=\"mailto:contact@odycea-devoluy.com\" target=\"_blank\" >\n\t\t\t\t\t\t\tContact\t\t\t\t\t\t<\/a>\n\t\t\t\t\t<\/h3>\n\t\t\t\t\n\t\t\t\t\t\t\t\t\t<p class=\"elementor-icon-box-description\">\n\t\t\t\t\t\tcontact@odycea-devoluy.com\t\t\t\t\t<\/p>\n\t\t\t\t\n\t\t\t<\/div>\n\t\t\t\n\t\t<\/div>\n\t\t\t\t\t\t<\/div>\n\t\t\t\t<\/div>\n\t\t\t\t<\/div>\n\t\t<div class=\"elementor-element elementor-element-192e8a1 e-con-full reveal-blur e-flex e-con e-child\" data-id=\"192e8a1\" data-element_type=\"container\" data-e-type=\"container\" data-settings=\"{&quot;background_background&quot;:&quot;classic&quot;}\">\n\t\t\t\t<div class=\"elementor-element elementor-element-2857d9a elementor-widget elementor-widget-heading\" data-id=\"2857d9a\" data-element_type=\"widget\" data-e-type=\"widget\" data-widget_type=\"heading.default\">\n\t\t\t\t\t<h2 class=\"elementor-heading-title elementor-size-default\">Envoyez nous un message<\/h2>\t\t\t\t<\/div>\n\t\t\t\t<div class=\"elementor-element elementor-element-9dfd724 contact-form elementor-button-align-stretch elementor-widget elementor-widget-form\" data-id=\"9dfd724\" data-element_type=\"widget\" data-e-type=\"widget\" data-settings=\"{&quot;step_next_label&quot;:&quot;Suivant&quot;,&quot;step_previous_label&quot;:&quot;Pr\\u00e9c\\u00e9dent&quot;,&quot;button_width&quot;:&quot;100&quot;,&quot;step_type&quot;:&quot;number_text&quot;,&quot;step_icon_shape&quot;:&quot;circle&quot;}\" data-widget_type=\"form.default\">\n\t\t\t\t\t\t\t<form class=\"elementor-form\" method=\"post\" name=\"Nouveau formulaire\" aria-label=\"Nouveau formulaire\">\n\t\t\t<input type=\"hidden\" name=\"post_id\" value=\"74\"\/>\n\t\t\t<input type=\"hidden\" name=\"form_id\" value=\"9dfd724\"\/>\n\t\t\t<input type=\"hidden\" name=\"referer_title\" value=\"Contact\" \/>\n\n\t\t\t\t\t\t\t<input type=\"hidden\" name=\"queried_id\" value=\"74\"\/>\n\t\t\t\n\t\t\t<div class=\"elementor-form-fields-wrapper elementor-labels-\">\n\t\t\t\t\t\t\t\t<div class=\"elementor-field-type-text elementor-field-group elementor-column elementor-field-group-name elementor-col-50\">\n\t\t\t\t\t\t\t\t\t\t\t\t<label for=\"form-field-name\" class=\"elementor-field-label elementor-screen-only\">\n\t\t\t\t\t\t\t\tNom\t\t\t\t\t\t\t<\/label>\n\t\t\t\t\t\t\t\t\t\t\t\t\t\t<input size=\"1\" type=\"text\" name=\"form_fields[name]\" id=\"form-field-name\" class=\"elementor-field elementor-size-lg  elementor-field-textual\" placeholder=\"Nom\">\n\t\t\t\t\t\t\t\t\t\t\t<\/div>\n\t\t\t\t\t\t\t\t<div class=\"elementor-field-type-email elementor-field-group elementor-column elementor-field-group-email elementor-col-50 elementor-field-required\">\n\t\t\t\t\t\t\t\t\t\t\t\t<label for=\"form-field-email\" class=\"elementor-field-label elementor-screen-only\">\n\t\t\t\t\t\t\t\tE-mail\t\t\t\t\t\t\t<\/label>\n\t\t\t\t\t\t\t\t\t\t\t\t\t\t<input size=\"1\" type=\"email\" name=\"form_fields[email]\" id=\"form-field-email\" class=\"elementor-field elementor-size-lg  elementor-field-textual\" placeholder=\"E-mail *\" required=\"required\">\n\t\t\t\t\t\t\t\t\t\t\t<\/div>\n\t\t\t\t\t\t\t\t<div class=\"elementor-field-type-tel elementor-field-group elementor-column elementor-field-group-tel elementor-col-50\">\n\t\t\t\t\t\t\t\t\t\t\t\t<label for=\"form-field-tel\" class=\"elementor-field-label elementor-screen-only\">\n\t\t\t\t\t\t\t\tTel\t\t\t\t\t\t\t<\/label>\n\t\t\t\t\t\t\t\t<input size=\"1\" type=\"tel\" name=\"form_fields[tel]\" id=\"form-field-tel\" class=\"elementor-field elementor-size-lg  elementor-field-textual\" placeholder=\"T\u00e9l\u00e9phone\" pattern=\"[0-9()#&amp;+*-=.]+\" title=\"Seuls les caract\u00e8res de num\u00e9ros de t\u00e9l\u00e9phone (#, -, *, etc.) sont accept\u00e9s.\">\n\n\t\t\t\t\t\t<\/div>\n\t\t\t\t\t\t\t\t<div class=\"elementor-field-type-text elementor-field-group elementor-column elementor-field-group-field_2dd0812 elementor-col-50\">\n\t\t\t\t\t\t\t\t\t\t\t\t<label for=\"form-field-field_2dd0812\" class=\"elementor-field-label elementor-screen-only\">\n\t\t\t\t\t\t\t\tsoci\u00e9t\u00e9\t\t\t\t\t\t\t<\/label>\n\t\t\t\t\t\t\t\t\t\t\t\t\t\t<input size=\"1\" type=\"text\" name=\"form_fields[field_2dd0812]\" id=\"form-field-field_2dd0812\" class=\"elementor-field elementor-size-lg  elementor-field-textual\" placeholder=\"Soci\u00e9t\u00e9\">\n\t\t\t\t\t\t\t\t\t\t\t<\/div>\n\t\t\t\t\t\t\t\t<div class=\"elementor-field-type-textarea elementor-field-group elementor-column elementor-field-group-message elementor-col-100 elementor-field-required\">\n\t\t\t\t\t\t\t\t\t\t\t\t<label for=\"form-field-message\" class=\"elementor-field-label elementor-screen-only\">\n\t\t\t\t\t\t\t\tMessage\t\t\t\t\t\t\t<\/label>\n\t\t\t\t\t\t<textarea class=\"elementor-field-textual elementor-field  elementor-size-lg\" name=\"form_fields[message]\" id=\"form-field-message\" rows=\"4\" placeholder=\"Message *\" required=\"required\"><\/textarea>\t\t\t\t<\/div>\n\t\t\t\t\t\t\t\t<div class=\"elementor-field-type-acceptance elementor-field-group elementor-column elementor-field-group-field_482d09c elementor-col-100 elementor-field-required\">\n\t\t\t\t\t\t\t<div class=\"elementor-field-subgroup\">\n\t\t\t<span class=\"elementor-field-option\">\n\t\t\t\t<input type=\"checkbox\" name=\"form_fields[field_482d09c]\" id=\"form-field-field_482d09c\" class=\"elementor-field elementor-size-lg  elementor-acceptance-field\" required=\"required\">\n\t\t\t\t<label for=\"form-field-field_482d09c\">J\u2019accepte la \n<a href=\"\/politique-de-confidentialite\/\" target=\"_blank\" rel=\"noopener noreferrer\">\npolitique de confidentialit\u00e9\n<\/a> \net les \n<a href=\"\/conditions-generales-de-vente\/\" target=\"_blank\" rel=\"noopener noreferrer\">\nconditions g\u00e9n\u00e9rales d\u2019O\u2019DYCEA\n<\/a>*\n<\/label>\t\t\t<\/span>\n\t\t<\/div>\n\t\t\t\t\t\t<\/div>\n\t\t\t\t\t\t\t\t<div class=\"elementor-field-type-recaptcha_v3 elementor-field-group elementor-column elementor-field-group-field_bd96650 elementor-col-100 recaptcha_v3-bottomright\">\n\t\t\t\t\t<div class=\"elementor-field\" id=\"form-field-field_bd96650\"><div class=\"elementor-g-recaptcha\" data-sitekey=\"6Lc2XicsAAAAADXgRKQysM-CwRzLvfiek1t7rNbl\" data-type=\"v3\" data-action=\"Form\" data-badge=\"bottomright\" data-size=\"invisible\"><\/div><\/div>\t\t\t\t<\/div>\n\t\t\t\t\t\t\t\t<div class=\"elementor-field-group elementor-column elementor-field-type-submit elementor-col-100 e-form__buttons\">\n\t\t\t\t\t<button class=\"elementor-button elementor-size-sm\" type=\"submit\">\n\t\t\t\t\t\t<span class=\"elementor-button-content-wrapper\">\n\t\t\t\t\t\t\t\t\t\t\t\t\t\t\t\t\t\t\t\t\t\t<span class=\"elementor-button-text\">Envoyer<\/span>\n\t\t\t\t\t\t\t\t\t\t\t\t\t<\/span>\n\t\t\t\t\t<\/button>\n\t\t\t\t<\/div>\n\t\t\t<\/div>\n\t\t<\/form>\n\t\t\t\t\t\t<\/div>\n\t\t\t\t<div class=\"elementor-element elementor-element-2287373 elementor-widget elementor-widget-heading\" data-id=\"2287373\" data-element_type=\"widget\" data-e-type=\"widget\" data-widget_type=\"heading.default\">\n\t\t\t\t\t<div class=\"elementor-heading-title elementor-size-default\">*Les champs marqu\u00e9s par un ast\u00e9risque (*) doivent obligatoirement \u00eatre remplis pour envoyer le formulaire<\/div>\t\t\t\t<\/div>\n\t\t\t\t<\/div>\n\t\t\t\t\t<\/div>\n\t\t\t\t<\/div>\n\t\t\t\t<\/div>\n\t\t","protected":false},"excerpt":{"rendered":"<p>Contact us. Our team will be happy to answer you. Information Contact Us How to find us Odycea, 05250 D\u00e9voluy Phone +33 4 92 20 09 19 Email contact@odycea-devoluy.com Send us a message *Fields marked with an asterisk (*) are required to submit the form<\/p>","protected":false},"author":1,"featured_media":0,"parent":0,"menu_order":0,"comment_status":"closed","ping_status":"closed","template":"","meta":{"_acf_changed":false,"footnotes":""},"class_list":["post-74","page","type-page","status-publish","hentry"],"acf":[],"_links":{"self":[{"href":"https:\/\/odycea-devoluy.com\/en\/wp-json\/wp\/v2\/pages\/74","targetHints":{"allow":["GET"]}}],"collection":[{"href":"https:\/\/odycea-devoluy.com\/en\/wp-json\/wp\/v2\/pages"}],"about":[{"href":"https:\/\/odycea-devoluy.com\/en\/wp-json\/wp\/v2\/types\/page"}],"author":[{"embeddable":true,"href":"https:\/\/odycea-devoluy.com\/en\/wp-json\/wp\/v2\/users\/1"}],"replies":[{"embeddable":true,"href":"https:\/\/odycea-devoluy.com\/en\/wp-json\/wp\/v2\/comments?post=74"}],"version-history":[{"count":85,"href":"https:\/\/odycea-devoluy.com\/en\/wp-json\/wp\/v2\/pages\/74\/revisions"}],"predecessor-version":[{"id":4478,"href":"https:\/\/odycea-devoluy.com\/en\/wp-json\/wp\/v2\/pages\/74\/revisions\/4478"}],"wp:attachment":[{"href":"https:\/\/odycea-devoluy.com\/en\/wp-json\/wp\/v2\/media?parent=74"}],"curies":[{"name":"wp","href":"https:\/\/api.w.org\/{rel}","templated":true}]}}