{"id":4144,"date":"2026-01-20T07:55:26","date_gmt":"2026-01-20T07:55:26","guid":{"rendered":"http:\/\/odycea-devoluy.com\/?page_id=4144"},"modified":"2026-01-20T08:42:10","modified_gmt":"2026-01-20T08:42:10","slug":"newsletter","status":"publish","type":"page","link":"https:\/\/odycea-devoluy.com\/en\/newsletter\/","title":{"rendered":"Newsletter"},"content":{"rendered":"\t\t<div data-elementor-type=\"wp-page\" data-elementor-id=\"4144\" class=\"elementor elementor-4144\" data-elementor-post-type=\"page\">\n\t\t\t\t<div class=\"elementor-element elementor-element-d66f5ad reveal-blur e-flex e-con-boxed e-con e-parent\" data-id=\"d66f5ad\" data-element_type=\"container\" data-e-type=\"container\" data-settings=\"{&quot;background_background&quot;:&quot;slideshow&quot;,&quot;background_slideshow_gallery&quot;:[{&quot;id&quot;:4147,&quot;url&quot;:&quot;http:\\\/\\\/odycea-devoluy.com\\\/wp-content\\\/uploads\\\/2026\\\/01\\\/JEJULEZPHOTOGRAPHYdotcom_2019_Odycea_Bain_Kids_Terrace-6-scaled.jpg&quot;},{&quot;id&quot;:4148,&quot;url&quot;:&quot;http:\\\/\\\/odycea-devoluy.com\\\/wp-content\\\/uploads\\\/2026\\\/01\\\/JEJULEZPHOTOGRAPHYdotcom_2019_Odycea_Bain_Kids_Terrace-16-scaled.jpg&quot;},{&quot;id&quot;:4149,&quot;url&quot;:&quot;http:\\\/\\\/odycea-devoluy.com\\\/wp-content\\\/uploads\\\/2026\\\/01\\\/JEJULEZPHOTOGRAPHYdotcom_2019_Odycea_Bain_Kids_Terrace-18-scaled.jpg&quot;},{&quot;id&quot;:4150,&quot;url&quot;:&quot;http:\\\/\\\/odycea-devoluy.com\\\/wp-content\\\/uploads\\\/2026\\\/01\\\/JEJULEZPHOTOGRAPHYdotcom_2019_Odycea_InteriorExterior-19-scaled.jpg&quot;},{&quot;id&quot;:4151,&quot;url&quot;:&quot;http:\\\/\\\/odycea-devoluy.com\\\/wp-content\\\/uploads\\\/2026\\\/01\\\/JEJULEZPHOTOGRAPHYdotcom_2019_Odycea_InteriorExterior-20-scaled.jpg&quot;},{&quot;id&quot;:4152,&quot;url&quot;:&quot;http:\\\/\\\/odycea-devoluy.com\\\/wp-content\\\/uploads\\\/2026\\\/01\\\/JEJULEZPHOTOGRAPHYdotcom_2019_Odycea_Massage_Facial_Treatments_Relax-1-Copie.jpg&quot;},{&quot;id&quot;:4154,&quot;url&quot;:&quot;http:\\\/\\\/odycea-devoluy.com\\\/wp-content\\\/uploads\\\/2026\\\/01\\\/JEJULEZPHOTOGRAPHYdotcom_2020_Odycea_Neige-14-scaled.jpg&quot;},{&quot;id&quot;:4155,&quot;url&quot;:&quot;http:\\\/\\\/odycea-devoluy.com\\\/wp-content\\\/uploads\\\/2026\\\/01\\\/JEJULEZPHOTOGRAPHYdotcom_2020_Odycea_Neige-24-scaled.jpg&quot;}],&quot;background_slideshow_lazyload&quot;:&quot;yes&quot;,&quot;background_slideshow_ken_burns&quot;:&quot;yes&quot;,&quot;background_slideshow_loop&quot;:&quot;yes&quot;,&quot;background_slideshow_slide_duration&quot;:5000,&quot;background_slideshow_slide_transition&quot;:&quot;fade&quot;,&quot;background_slideshow_transition_duration&quot;:500,&quot;background_slideshow_ken_burns_zoom_direction&quot;:&quot;in&quot;}\">\n\t\t\t\t\t<div class=\"e-con-inner\">\n\t\t\t\t<div class=\"elementor-element elementor-element-8313fc9 elementor-widget elementor-widget-html\" data-id=\"8313fc9\" data-element_type=\"widget\" data-e-type=\"widget\" data-widget_type=\"html.default\">\n\t\t\t\t\t<!-- Begin Brevo Form -->\r\n<!-- START - We recommend to place the below code in head tag of your website html  -->\r\n<style>\r\n  \r\n  .sib-form{\r\n      padding: 32px 20px 32px!important;\r\n  }\r\n  \r\n    #sib-container{\r\n        padding: 30px!important;\r\n    }\r\n    \r\n    @media (max-width: 767px) {\r\n        #sib-container {\r\n        padding: 20px !important;\r\n        }\r\n    }\r\n\r\n  \r\n    #sib-container input:-ms-input-placeholder {\r\n        text-align: left;\r\n        color: var(--e-global-color-text);\r\n    }\r\n    \r\n    #sib-container input::placeholder {\r\n        text-align: left;\r\n        color: var(--e-global-color-text);\r\n    }\r\n    \r\n    #sib-container textarea::placeholder {\r\n        text-align: left;\r\n        color: var(--e-global-color-text);\r\n    }\r\n    \r\n    .entry__label::after {\r\n        color:var(--e-global-color-accent)!important;\r\n    }\r\n    \r\n    .sib-form .input, .sib-form .input__affix{\r\n        font-family: var(--e-global-typography-c54c182-font-family), Sans-serif!important;\r\n        font-size: var(--e-global-typography-c54c182-font-size)!important;\r\n    }\r\n\r\n    \r\n  \r\n  \r\n<\/style>\r\n<link rel=\"stylesheet\" href=\"https:\/\/sibforms.com\/forms\/end-form\/build\/sib-styles.css\">\r\n<!--  END - We recommend to place the above code in head tag of your website html -->\r\n\r\n<!-- START - We recommend to place the below code where you want the form in your website html  -->\r\n<div class=\"sib-form\" style=\"text-align: center;                                 \">\r\n  <div id=\"sib-form-container\" class=\"sib-form-container\">\r\n    <div id=\"error-message\" class=\"sib-form-message-panel\" style=\"font-size:16px; text-align:left; font-family:var(--e-global-typography-c54c182-font-family), sans-serif; color:#661d1d; background-color:#ffeded; border-radius:3px; border-color:#ff4949;max-width:540px;\">\r\n      <div class=\"sib-form-message-panel__text sib-form-message-panel__text--center\">\r\n        <svg viewBox=\"0 0 512 512\" class=\"sib-icon sib-notification__icon\">\r\n          <path d=\"M256 40c118.621 0 216 96.075 216 216 0 119.291-96.61 216-216 216-119.244 0-216-96.562-216-216 0-119.203 96.602-216 216-216m0-32C119.043 8 8 119.083 8 256c0 136.997 111.043 248 248 248s248-111.003 248-248C504 119.083 392.957 8 256 8zm-11.49 120h22.979c6.823 0 12.274 5.682 11.99 12.5l-7 168c-.268 6.428-5.556 11.5-11.99 11.5h-8.979c-6.433 0-11.722-5.073-11.99-11.5l-7-168c-.283-6.818 5.167-12.5 11.99-12.5zM256 340c-15.464 0-28 12.536-28 28s12.536 28 28 28 28-12.536 28-28-12.536-28-28-28z\" \/>\r\n        <\/svg>\r\n        <span class=\"sib-form-message-panel__inner-text\">\r\n                          Nous n&#039;avons pas pu confirmer votre inscription.\r\n                      <\/span>\r\n      <\/div>\r\n    <\/div>\r\n    <div><\/div>\r\n    <div id=\"success-message\" class=\"sib-form-message-panel\" style=\"font-size:16px; text-align:left; font-family:var(--e-global-typography-c54c182-font-family), sans-serif; color:#085229; background-color:#e7faf0; border-radius:3px; border-color:#13ce66;max-width:540px;\">\r\n      <div class=\"sib-form-message-panel__text sib-form-message-panel__text--center\">\r\n        <svg viewBox=\"0 0 512 512\" class=\"sib-icon sib-notification__icon\">\r\n          <path d=\"M256 8C119.033 8 8 119.033 8 256s111.033 248 248 248 248-111.033 248-248S392.967 8 256 8zm0 464c-118.664 0-216-96.055-216-216 0-118.663 96.055-216 216-216 118.664 0 216 96.055 216 216 0 118.663-96.055 216-216 216zm141.63-274.961L217.15 376.071c-4.705 4.667-12.303 4.637-16.97-.068l-85.878-86.572c-4.667-4.705-4.637-12.303.068-16.97l8.52-8.451c4.705-4.667 12.303-4.637 16.97.068l68.976 69.533 163.441-162.13c4.705-4.667 12.303-4.637 16.97.068l8.451 8.52c4.668 4.705 4.637 12.303-.068 16.97z\" \/>\r\n        <\/svg>\r\n        <span class=\"sib-form-message-panel__inner-text\">\r\n                          Votre inscription est confirm\u00e9e.\r\n                      <\/span>\r\n      <\/div>\r\n    <\/div>\r\n    <div><\/div>\r\n    <div id=\"sib-container\" class=\"sib-container--large sib-container--vertical\" style=\"text-align:center; background-color:var(--e-global-color-e45b874); max-width:540px; border-radius:20px; border-width:0px;  border-style:solid; direction:ltr\">\r\n      <form id=\"sib-form\" method=\"POST\" action=\"https:\/\/b057c85d.sibforms.com\/serve\/MUIFAFKVTwLbAYZsxe4Si_3yz6Ce7VZY9nx9rCl1aePgFRn27g4B7n1zFy7FSyxEVchMdFEx267elMXb5QytDL24z97fvxZ_1O_bym7LuVKMxjGWWA3N07sULoulMnZjKjVng2GZbE_n6ntKO4qqIoS5bn0o82OJfcZXeOEFVVgMRlSHOiEpe2_tdG7xXPmzrDNGsnm6SG53H6in\" data-type=\"subscription\">\r\n        <div style=\"padding: 8px 0;\">\r\n          <div class=\"sib-form-block\" style=\"text-align:left; color:var(--e-global-color-text); background-color:transparent; text-align:left;font-family: var(--e-global-typography-accent-font-family), Sans-serif;\r\n    font-size: var(--e-global-typography-accent-font-size);\r\n    font-weight: var(--e-global-typography-accent-font-weight);\r\n    text-transform: var(--e-global-typography-accent-text-transform);\r\n    line-height: var(--e-global-typography-accent-line-height);\">\r\n            <p>Restons connect\u00e9s !<\/p>\r\n          <\/div>\r\n        <\/div>\r\n        <div style=\"padding: 8px 0;\">\r\n          <div class=\"sib-form-block\" style=\"text-align:left; font-family: var(--e-global-typography-bea3029-font-family), Sans-serif;\r\n    font-size: var(--e-global-typography-bea3029-font-size);\r\n    font-weight: var(--e-global-typography-bea3029-font-weight);\r\n    text-transform: var(--e-global-typography-bea3029-text-transform); color:var(--e-global-color-text); background-color:transparent; text-align:left\">\r\n            <div class=\"sib-text-form-block\">\r\n              <p>Inscrivez-vous \u00e0 notre newsletter.<\/p>\r\n            <\/div>\r\n          <\/div>\r\n        <\/div>\r\n        <div style=\"padding: 8px 0;\">\r\n          <div class=\"sib-form-block\" style=\"text-align:left; color:#a5a5a5; background-color:transparent; font-family: var(--e-global-typography-ad9e555-font-family), Sans-serif;\r\n    font-size: var(--e-global-typography-ad9e555-font-size);\r\n    font-weight: var(--e-global-typography-ad9e555-font-weight);\r\n    line-height: var(--e-global-typography-ad9e555-line-height);\">\r\n            <div class=\"sib-text-form-block\">\r\n              <p>*<em>Les champs marqu\u00e9s par un ast\u00e9risque (*) doivent obligatoirement \u00eatre remplis pour envoyer le formulaire<\/em><\/p>\r\n            <\/div>\r\n          <\/div>\r\n        <\/div>\r\n        <div style=\"padding: 8px 0;\">\r\n          <div class=\"sib-input sib-form-block\">\r\n            <div class=\"form__entry entry_block\">\r\n              <div class=\"form__label-row \">\r\n\r\n                <div class=\"entry__field\">\r\n                  <input class=\"input \" type=\"text\" id=\"EMAIL\" name=\"EMAIL\" autocomplete=\"off\" placeholder=\"Votre e-mail*\" data-required=\"true\" required \/>\r\n                <\/div>\r\n              <\/div>\r\n\r\n              <label class=\"entry__error entry__error--primary\" style=\"font-size:16px; text-align:left; font-family:var(--e-global-typography-c54c182-font-family), sans-serif; color:#661d1d; background-color:#ffeded; border-radius:3px; border-color:#ff4949;\">\r\n              <\/label>\r\n            <\/div>\r\n          <\/div>\r\n        <\/div>\r\n        <div style=\"padding: 8px 0;\">\r\n          <div class=\"sib-optin sib-form-block\" data-required=\"true\">\r\n            <div class=\"form__entry entry_mcq\">\r\n              <div class=\"form__label-row \">\r\n                <div class=\"entry__choice\" style=\"line-height: 1.3em;\">\r\n                  <label>\r\n                    <input type=\"checkbox\" class=\"input_replaced\" value=\"1\" id=\"OPT_IN\" name=\"OPT_IN\" required \/>\r\n                    <span class=\"checkbox checkbox_tick_positive\"\r\n            style=\"margin-left:\"\r\n            ><\/span><span style=\"\r\n  text-align:left;\r\n  font-family: var(--e-global-typography-ad9e555-font-family), Sans-serif;\r\n  font-size: var(--e-global-typography-ad9e555-font-size);\r\n  font-weight: var(--e-global-typography-ad9e555-font-weight);\r\n  line-height: var(--e-global-typography-ad9e555-line-height);\r\n  color: var(--e-global-color-text);\r\n  background-color: transparent;\r\n\">\r\n      Je souhaite recevoir vos mails, et j\u2019accepte la\r\n      <a href=\"\/politique-de-confidentialite\/\" target=\"_blank\" rel=\"noopener\"\r\n         style=\"color: inherit; text-decoration: underline; font-style: inherit;\">\r\n        politique de confidentialit\u00e9\r\n      <\/a>\r\n      et les\r\n      <a href=\"\/conditions-generales-de-vente\/\" target=\"_blank\" rel=\"noopener\"\r\n         style=\"color: inherit; text-decoration: underline; font-style: inherit;\">\r\n        conditions g\u00e9n\u00e9rales<\/a> d\u2019O\u2019DYCEA.\r\n  <span data-required=\"*\" style=\"display:inline;\" class=\"entry__label entry__label_optin\"><\/span>\r\n<\/span>\r\n <\/label>\r\n                <\/div>\r\n              <\/div>\r\n              <label class=\"entry__error entry__error--primary\" style=\"font-size:16px; text-align:left; font-family:var(--e-global-typography-c54c182-font-family), sans-serif; color:#661d1d; background-color:#ffeded; border-radius:3px; border-color:#ff4949;\">\r\n              <\/label>\r\n              <label class=\"entry__specification\" style=\"color:#8390A4; text-align:left;font-family: var(--e-global-typography-ad9e555-font-family), Sans-serif;\r\n    font-size: var(--e-global-typography-ad9e555-font-size);\r\n    font-weight: var(--e-global-typography-ad9e555-font-weight);\r\n    line-height: var(--e-global-typography-ad9e555-line-height);\">\r\n                Vous pouvez vous d\u00e9sinscrire \u00e0 tout moment en cliquant sur le lien pr\u00e9sent dans nos emails.\r\n              <\/label>\r\n            <\/div>\r\n          <\/div>\r\n        <\/div>\r\n        <div style=\"padding: 8px 0;\">\r\n          <div class=\"sib-form-block\" style=\"\">\r\n            <button class=\"sib-form-block__button sib-form-block__button-with-loader\" style=\"font-family: var(--e-global-typography-bea3029-font-family), Sans-serif;\r\n    font-size: var(--e-global-typography-bea3029-font-size);\r\n    font-weight: var(--e-global-typography-bea3029-font-weight);\r\n    text-transform: var(--e-global-typography-bea3029-text-transform); background-color:var(--e-global-color-accent); border-radius:200px; border-width:0px;color: var(--e-global-color-d5ab892);\" form=\"sib-form\" type=\"submit\">\r\n              <svg class=\"icon clickable__icon progress-indicator__icon sib-hide-loader-icon\" viewBox=\"0 0 512 512\" style=\"\">\r\n                <path d=\"M460.116 373.846l-20.823-12.022c-5.541-3.199-7.54-10.159-4.663-15.874 30.137-59.886 28.343-131.652-5.386-189.946-33.641-58.394-94.896-95.833-161.827-99.676C261.028 55.961 256 50.751 256 44.352V20.309c0-6.904 5.808-12.337 12.703-11.982 83.556 4.306 160.163 50.864 202.11 123.677 42.063 72.696 44.079 162.316 6.031 236.832-3.14 6.148-10.75 8.461-16.728 5.01z\" \/>\r\n              <\/svg>\r\n              S'inscrire\r\n            <\/button>\r\n          <\/div>\r\n        <\/div>\r\n\r\n        <input type=\"text\" name=\"email_address_check\" value=\"\" class=\"input--hidden\">\r\n        <input type=\"hidden\" name=\"locale\" value=\"fr\">\r\n      <\/form>\r\n    <\/div>\r\n  <\/div>\r\n<\/div>\r\n<!-- END - We recommend to place the above code where you want the form in your website html  -->\r\n\r\n<!-- START - We recommend to place the below code in footer or bottom of your website html  -->\r\n<script>\r\n  window.REQUIRED_CODE_ERROR_MESSAGE = 'Veuillez choisir un code pays';\r\n  window.LOCALE = 'fr';\r\n  window.EMAIL_INVALID_MESSAGE = window.SMS_INVALID_MESSAGE = \"Les informations que vous avez fournies ne sont pas valides. Veuillez v\u00e9rifier le format du champ et r\u00e9essayer.\";\r\n\r\n  window.REQUIRED_ERROR_MESSAGE = \"Vous devez renseigner ce champ. \";\r\n\r\n  window.GENERIC_INVALID_MESSAGE = \"Les informations que vous avez fournies ne sont pas valides. Veuillez v\u00e9rifier le format du champ et r\u00e9essayer.\";\r\n\r\n\r\n\r\n\r\n  window.translation = {\r\n    common: {\r\n      selectedList: '{quantity} liste s\u00e9lectionn\u00e9e',\r\n      selectedLists: '{quantity} listes s\u00e9lectionn\u00e9es',\r\n      selectedOption: '{quantity} s\u00e9lectionn\u00e9',\r\n      selectedOptions: '{quantity} s\u00e9lectionn\u00e9s',\r\n    }\r\n  };\r\n\r\n  var AUTOHIDE = Boolean(0);\r\n<\/script>\r\n\r\n<script defer src=\"https:\/\/sibforms.com\/forms\/end-form\/build\/main.js\"><\/script>\r\n\r\n\r\n<!-- END - We recommend to place the above code in footer or bottom of your website html  -->\r\n<!-- End Brevo Form -->\t\t\t\t<\/div>\n\t\t\t\t\t<\/div>\n\t\t\t\t<\/div>\n\t\t\t\t<\/div>\n\t\t","protected":false},"excerpt":{"rendered":"<p>Nous n&#039;avons pas pu confirmer votre inscription. Votre inscription est confirm\u00e9e. Restons connect\u00e9s ! Inscrivez-vous \u00e0 notre newsletter. *Les champs marqu\u00e9s par un ast\u00e9risque (*) doivent obligatoirement \u00eatre remplis pour envoyer le formulaire Je souhaite recevoir vos mails, et j\u2019accepte la politique de confidentialit\u00e9 et les conditions g\u00e9n\u00e9rales d\u2019O\u2019DYCEA. Vous pouvez vous d\u00e9sinscrire \u00e0 tout [&hellip;]<\/p>\n","protected":false},"author":3,"featured_media":0,"parent":0,"menu_order":0,"comment_status":"closed","ping_status":"closed","template":"","meta":{"_acf_changed":false,"footnotes":""},"class_list":["post-4144","page","type-page","status-publish","hentry"],"acf":[],"_links":{"self":[{"href":"https:\/\/odycea-devoluy.com\/en\/wp-json\/wp\/v2\/pages\/4144","targetHints":{"allow":["GET"]}}],"collection":[{"href":"https:\/\/odycea-devoluy.com\/en\/wp-json\/wp\/v2\/pages"}],"about":[{"href":"https:\/\/odycea-devoluy.com\/en\/wp-json\/wp\/v2\/types\/page"}],"author":[{"embeddable":true,"href":"https:\/\/odycea-devoluy.com\/en\/wp-json\/wp\/v2\/users\/3"}],"replies":[{"embeddable":true,"href":"https:\/\/odycea-devoluy.com\/en\/wp-json\/wp\/v2\/comments?post=4144"}],"version-history":[{"count":52,"href":"https:\/\/odycea-devoluy.com\/en\/wp-json\/wp\/v2\/pages\/4144\/revisions"}],"predecessor-version":[{"id":4210,"href":"https:\/\/odycea-devoluy.com\/en\/wp-json\/wp\/v2\/pages\/4144\/revisions\/4210"}],"wp:attachment":[{"href":"https:\/\/odycea-devoluy.com\/en\/wp-json\/wp\/v2\/media?parent=4144"}],"curies":[{"name":"wp","href":"https:\/\/api.w.org\/{rel}","templated":true}]}}