{"id":3543,"date":"2026-01-14T09:36:23","date_gmt":"2026-01-14T09:36:23","guid":{"rendered":"http:\/\/odycea-devoluy.com\/?page_id=3543"},"modified":"2026-02-02T10:50:32","modified_gmt":"2026-02-02T10:50:32","slug":"bons-cadeaux","status":"publish","type":"page","link":"https:\/\/odycea-devoluy.com\/en\/bons-cadeaux\/","title":{"rendered":"Gift vouchers"},"content":{"rendered":"\t\t<div data-elementor-type=\"wp-page\" data-elementor-id=\"3543\" class=\"elementor elementor-3543\" data-elementor-post-type=\"page\">\n\t\t\t\t<div class=\"elementor-element elementor-element-9df22a7 hero-container e-con-full e-flex e-con e-child\" data-id=\"9df22a7\" data-element_type=\"container\" data-e-type=\"container\" data-settings=\"{&quot;background_background&quot;:&quot;classic&quot;}\">\n\t\t<div class=\"elementor-element elementor-element-d379290 e-flex e-con-boxed e-con e-child\" data-id=\"d379290\" data-element_type=\"container\" data-e-type=\"container\">\n\t\t\t\t\t<div class=\"e-con-inner\">\n\t\t\t\t<div class=\"elementor-element elementor-element-8dd1778 bicolor-title elementor-widget elementor-widget-heading\" data-id=\"8dd1778\" data-element_type=\"widget\" data-e-type=\"widget\" data-widget_type=\"heading.default\">\n\t\t\t\t\t<h1 class=\"elementor-heading-title elementor-size-default\">Bons cadeaux<\/h1>\t\t\t\t<\/div>\n\t\t\t\t<div class=\"elementor-element elementor-element-7e80944 elementor-widget elementor-widget-text-editor\" data-id=\"7e80944\" data-element_type=\"widget\" data-e-type=\"widget\" data-widget_type=\"text-editor.default\">\n\t\t\t\t\t\t\t\t\t<p>\u00c0 la recherche d\u2019une <strong data-start=\"370\" data-end=\"421\">id\u00e9e de cadeau bien-\u00eatre originale et relaxante<\/strong> ? D\u00e9couvrez nos <strong data-start=\"438\" data-end=\"475\">bons cadeaux Spa, Baln\u00e9o et Soins<\/strong>, con\u00e7us pour offrir un moment de d\u00e9tente inoubliable, seul, en duo ou en famille. Que ce soit pour un anniversaire, une f\u00eate, No\u00ebl ou simplement pour faire plaisir, nos bons cadeaux s\u2019adaptent \u00e0 toutes les envies de <strong data-start=\"692\" data-end=\"743\">relaxation, de l\u00e2cher-prise et de ressourcement<\/strong>.<\/p>\t\t\t\t\t\t\t\t<\/div>\n\t\t<div class=\"elementor-element elementor-element-a41622a e-con-full e-flex e-con e-child\" data-id=\"a41622a\" data-element_type=\"container\" data-e-type=\"container\" data-settings=\"{&quot;motion_fx_motion_fx_scrolling&quot;:&quot;yes&quot;,&quot;motion_fx_devices&quot;:[&quot;desktop&quot;,&quot;laptop&quot;,&quot;tablet&quot;]}\">\n\t\t\t\t<div class=\"elementor-element elementor-element-179aa19 elementor-widget__width-initial elementor-widget-divider--view-line elementor-widget elementor-widget-divider\" data-id=\"179aa19\" data-element_type=\"widget\" data-e-type=\"widget\" data-widget_type=\"divider.default\">\n\t\t\t\t\t\t\t<div class=\"elementor-divider\">\n\t\t\t<span class=\"elementor-divider-separator\">\n\t\t\t\t\t\t<\/span>\n\t\t<\/div>\n\t\t\t\t\t\t<\/div>\n\t\t\t\t<div class=\"elementor-element elementor-element-56fd31c elementor-view-default elementor-widget elementor-widget-icon\" data-id=\"56fd31c\" data-element_type=\"widget\" data-e-type=\"widget\" data-widget_type=\"icon.default\">\n\t\t\t\t\t\t\t<div class=\"elementor-icon-wrapper\">\n\t\t\t<div class=\"elementor-icon\">\n\t\t\t<i aria-hidden=\"true\" class=\"icon icon-gift\"><\/i>\t\t\t<\/div>\n\t\t<\/div>\n\t\t\t\t\t\t<\/div>\n\t\t\t\t<div class=\"elementor-element elementor-element-60adfa4 elementor-widget__width-initial elementor-widget-divider--view-line elementor-widget elementor-widget-divider\" data-id=\"60adfa4\" data-element_type=\"widget\" data-e-type=\"widget\" data-widget_type=\"divider.default\">\n\t\t\t\t\t\t\t<div class=\"elementor-divider\">\n\t\t\t<span class=\"elementor-divider-separator\">\n\t\t\t\t\t\t<\/span>\n\t\t<\/div>\n\t\t\t\t\t\t<\/div>\n\t\t\t\t<\/div>\n\t\t\t\t\t<\/div>\n\t\t\t\t<\/div>\n\t\t<div class=\"elementor-element elementor-element-2c04203 e-con-full menu-rubriques elementor-hidden-mobile e-flex e-con e-child\" data-id=\"2c04203\" data-element_type=\"container\" data-e-type=\"container\" data-settings=\"{&quot;sticky&quot;:&quot;top&quot;,&quot;sticky_offset&quot;:115,&quot;sticky_on&quot;:[&quot;desktop&quot;,&quot;laptop&quot;,&quot;tablet&quot;,&quot;mobile&quot;],&quot;sticky_effects_offset&quot;:0,&quot;sticky_anchor_link_offset&quot;:0}\">\n\t\t\t\t<div class=\"elementor-element elementor-element-5f85c82 e-n-menu-none e-full_width e-n-menu-layout-horizontal elementor-widget elementor-widget-n-menu\" data-id=\"5f85c82\" data-element_type=\"widget\" data-e-type=\"widget\" data-settings=\"{&quot;menu_items&quot;:[{&quot;item_title&quot;:&quot;Bon Cadeau Baln\\u00e9o&quot;,&quot;_id&quot;:&quot;62e6e11&quot;,&quot;item_link&quot;:{&quot;url&quot;:&quot;#cadeau-balneo&quot;,&quot;is_external&quot;:&quot;&quot;,&quot;nofollow&quot;:&quot;&quot;,&quot;custom_attributes&quot;:&quot;&quot;},&quot;item_dropdown_content&quot;:&quot;no&quot;,&quot;item_icon&quot;:{&quot;value&quot;:&quot;&quot;,&quot;library&quot;:&quot;&quot;},&quot;item_icon_active&quot;:null,&quot;element_id&quot;:&quot;&quot;},{&quot;item_title&quot;:&quot;Bon Cadeau Spa&quot;,&quot;item_link&quot;:{&quot;url&quot;:&quot;#cadeau-spa&quot;,&quot;is_external&quot;:&quot;&quot;,&quot;nofollow&quot;:&quot;&quot;,&quot;custom_attributes&quot;:&quot;&quot;},&quot;_id&quot;:&quot;7b2e23c&quot;,&quot;item_dropdown_content&quot;:&quot;no&quot;,&quot;item_icon&quot;:{&quot;value&quot;:&quot;&quot;,&quot;library&quot;:&quot;&quot;},&quot;item_icon_active&quot;:null,&quot;element_id&quot;:&quot;&quot;},{&quot;item_title&quot;:&quot;Bon Cadeau Soins&quot;,&quot;item_link&quot;:{&quot;url&quot;:&quot;#cadeau-soins&quot;,&quot;is_external&quot;:&quot;&quot;,&quot;nofollow&quot;:&quot;&quot;,&quot;custom_attributes&quot;:&quot;&quot;},&quot;_id&quot;:&quot;717e14c&quot;,&quot;item_dropdown_content&quot;:&quot;no&quot;,&quot;item_icon&quot;:{&quot;value&quot;:&quot;&quot;,&quot;library&quot;:&quot;&quot;},&quot;item_icon_active&quot;:null,&quot;element_id&quot;:&quot;&quot;},{&quot;item_title&quot;:&quot;J&#039;ai d\\u00e9j\\u00e0 un bon cadeau&quot;,&quot;item_link&quot;:{&quot;url&quot;:&quot;#deja-boncadeau&quot;,&quot;is_external&quot;:&quot;&quot;,&quot;nofollow&quot;:&quot;&quot;,&quot;custom_attributes&quot;:&quot;&quot;},&quot;_id&quot;:&quot;118b341&quot;,&quot;item_dropdown_content&quot;:&quot;no&quot;,&quot;item_icon&quot;:{&quot;value&quot;:&quot;&quot;,&quot;library&quot;:&quot;&quot;},&quot;item_icon_active&quot;:null,&quot;element_id&quot;:&quot;&quot;}],&quot;breakpoint_selector&quot;:&quot;none&quot;,&quot;item_position_horizontal_laptop&quot;:&quot;center&quot;,&quot;horizontal_scroll_laptop&quot;:&quot;disable&quot;,&quot;menu_item_title_distance_from_content&quot;:{&quot;unit&quot;:&quot;px&quot;,&quot;size&quot;:&quot;&quot;,&quot;sizes&quot;:[]},&quot;item_position_horizontal_mobile&quot;:&quot;stretch&quot;,&quot;horizontal_scroll_tablet&quot;:&quot;disable&quot;,&quot;content_width&quot;:&quot;full_width&quot;,&quot;item_layout&quot;:&quot;horizontal&quot;,&quot;open_on&quot;:&quot;hover&quot;,&quot;horizontal_scroll&quot;:&quot;disable&quot;,&quot;menu_item_title_distance_from_content_laptop&quot;:{&quot;unit&quot;:&quot;px&quot;,&quot;size&quot;:&quot;&quot;,&quot;sizes&quot;:[]},&quot;menu_item_title_distance_from_content_tablet&quot;:{&quot;unit&quot;:&quot;px&quot;,&quot;size&quot;:&quot;&quot;,&quot;sizes&quot;:[]},&quot;menu_item_title_distance_from_content_mobile&quot;:{&quot;unit&quot;:&quot;px&quot;,&quot;size&quot;:&quot;&quot;,&quot;sizes&quot;:[]}}\" data-widget_type=\"mega-menu.default\">\n\t\t\t\t\t\t\t<nav class=\"e-n-menu\" data-widget-number=\"100\" aria-label=\"Menu\">\n\t\t\t\t\t<button class=\"e-n-menu-toggle\" id=\"menu-toggle-100\" aria-haspopup=\"true\" aria-expanded=\"false\" aria-controls=\"menubar-100\" aria-label=\"Permuter le menu\">\n\t\t\t<span class=\"e-n-menu-toggle-icon e-open\">\n\t\t\t\t<svg class=\"e-font-icon-svg e-eicon-menu-bar\" viewBox=\"0 0 1000 1000\" xmlns=\"http:\/\/www.w3.org\/2000\/svg\"><path d=\"M104 333H896C929 333 958 304 958 271S929 208 896 208H104C71 208 42 237 42 271S71 333 104 333ZM104 583H896C929 583 958 554 958 521S929 458 896 458H104C71 458 42 487 42 521S71 583 104 583ZM104 833H896C929 833 958 804 958 771S929 708 896 708H104C71 708 42 737 42 771S71 833 104 833Z\"><\/path><\/svg>\t\t\t<\/span>\n\t\t\t<span class=\"e-n-menu-toggle-icon e-close\">\n\t\t\t\t<svg class=\"e-font-icon-svg e-eicon-close\" viewBox=\"0 0 1000 1000\" xmlns=\"http:\/\/www.w3.org\/2000\/svg\"><path d=\"M742 167L500 408 258 167C246 154 233 150 217 150 196 150 179 158 167 167 154 179 150 196 150 212 150 229 154 242 171 254L408 500 167 742C138 771 138 800 167 829 196 858 225 858 254 829L496 587 738 829C750 842 767 846 783 846 800 846 817 842 829 829 842 817 846 804 846 783 846 767 842 750 829 737L588 500 833 258C863 229 863 200 833 171 804 137 775 137 742 167Z\"><\/path><\/svg>\t\t\t<\/span>\n\t\t<\/button>\n\t\t\t\t\t<div class=\"e-n-menu-wrapper\" id=\"menubar-100\" aria-labelledby=\"menu-toggle-100\">\n\t\t\t\t<ul class=\"e-n-menu-heading\">\n\t\t\t\t\t\t\t\t<li class=\"e-n-menu-item\">\n\t\t\t\t<div id=\"e-n-menu-title-1001\" class=\"e-n-menu-title e-anchor\">\n\t\t\t\t\t<a class=\"e-n-menu-title-container e-focus e-link\" href=\"#cadeau-balneo\" aria-current=\"page\">\t\t\t\t\t\t\t\t\t\t\t\t<span class=\"e-n-menu-title-text\">\n\t\t\t\t\t\t\tBon Cadeau Baln\u00e9o\t\t\t\t\t\t<\/span>\n\t\t\t\t\t<\/a>\t\t\t\t\t\t\t\t\t<\/div>\n\t\t\t\t\t\t\t<\/li>\n\t\t\t\t\t<li class=\"e-n-menu-item\">\n\t\t\t\t<div id=\"e-n-menu-title-1002\" class=\"e-n-menu-title e-anchor\">\n\t\t\t\t\t<a class=\"e-n-menu-title-container e-focus e-link\" href=\"#cadeau-spa\" aria-current=\"page\">\t\t\t\t\t\t\t\t\t\t\t\t<span class=\"e-n-menu-title-text\">\n\t\t\t\t\t\t\tBon Cadeau Spa\t\t\t\t\t\t<\/span>\n\t\t\t\t\t<\/a>\t\t\t\t\t\t\t\t\t<\/div>\n\t\t\t\t\t\t\t<\/li>\n\t\t\t\t\t<li class=\"e-n-menu-item\">\n\t\t\t\t<div id=\"e-n-menu-title-1003\" class=\"e-n-menu-title e-anchor\">\n\t\t\t\t\t<a class=\"e-n-menu-title-container e-focus e-link\" href=\"#cadeau-soins\" aria-current=\"page\">\t\t\t\t\t\t\t\t\t\t\t\t<span class=\"e-n-menu-title-text\">\n\t\t\t\t\t\t\tBon Cadeau Soins\t\t\t\t\t\t<\/span>\n\t\t\t\t\t<\/a>\t\t\t\t\t\t\t\t\t<\/div>\n\t\t\t\t\t\t\t<\/li>\n\t\t\t\t\t<li class=\"e-n-menu-item\">\n\t\t\t\t<div id=\"e-n-menu-title-1004\" class=\"e-n-menu-title e-anchor\">\n\t\t\t\t\t<a class=\"e-n-menu-title-container e-focus e-link\" href=\"#deja-boncadeau\" aria-current=\"page\">\t\t\t\t\t\t\t\t\t\t\t\t<span class=\"e-n-menu-title-text\">\n\t\t\t\t\t\t\tJ'ai d\u00e9j\u00e0 un bon cadeau\t\t\t\t\t\t<\/span>\n\t\t\t\t\t<\/a>\t\t\t\t\t\t\t\t\t<\/div>\n\t\t\t\t\t\t\t<\/li>\n\t\t\t\t\t\t<\/ul>\n\t\t\t<\/div>\n\t\t<\/nav>\n\t\t\t\t\t\t<\/div>\n\t\t\t\t<\/div>\n\t\t\t\t<\/div>\n\t\t<div class=\"elementor-element elementor-element-73cdd0b ancre-page e-flex e-con-boxed e-con e-parent\" data-id=\"73cdd0b\" data-element_type=\"container\" data-e-type=\"container\" id=\"cadeau-balneo\">\n\t\t\t\t\t<div class=\"e-con-inner\">\n\t\t<a class=\"elementor-element elementor-element-2c5f422 e-con-full offre-card e-flex e-con e-child\" data-id=\"2c5f422\" data-element_type=\"container\" data-e-type=\"container\" data-settings=\"{&quot;background_background&quot;:&quot;classic&quot;}\" href=\"https:\/\/odycea-devoluy.tickeasy.com\/fr-FR\/produits?familles=1914962588630400024\" target=\"_blank\">\n\t\t<div class=\"elementor-element elementor-element-2f5dd6e e-con-full e-flex e-con e-child\" data-id=\"2f5dd6e\" data-element_type=\"container\" data-e-type=\"container\">\n\t\t\t\t<div class=\"elementor-element elementor-element-2316324 title-publication-loop elementor-widget elementor-widget-heading\" data-id=\"2316324\" data-element_type=\"widget\" data-e-type=\"widget\" data-widget_type=\"heading.default\">\n\t\t\t\t\t<h3 class=\"elementor-heading-title elementor-size-default\">Bon Cadeau Baln\u00e9o \u2013 D\u00e9tente &amp; Plaisir Aquatique<\/h3>\t\t\t\t<\/div>\n\t\t\t\t<div class=\"elementor-element elementor-element-476e9b6 elementor-widget__width-initial offre-description elementor-widget elementor-widget-text-editor\" data-id=\"476e9b6\" data-element_type=\"widget\" data-e-type=\"widget\" data-widget_type=\"text-editor.default\">\n\t\t\t\t\t\t\t\t\t<p>Offrez un moment de relaxation accessible \u00e0 toute la famille avec l\u2019acc\u00e8s \u00e0 l\u2019espace Baln\u00e9o. Bassins aqualudiques, bains chauds et musicaux, bain nordique ext\u00e9rieur et espaces ludiques pour les enfants : une exp\u00e9rience bien-\u00eatre compl\u00e8te entre d\u00e9tente et amusement.<\/p>\t\t\t\t\t\t\t\t<\/div>\n\t\t\t\t<\/div>\n\t\t<div class=\"elementor-element elementor-element-a4378b5 e-con-full e-flex e-con e-child\" data-id=\"a4378b5\" data-element_type=\"container\" data-e-type=\"container\">\n\t\t\t\t<div class=\"elementor-element elementor-element-28076f5 elementor-view-default elementor-widget elementor-widget-icon\" data-id=\"28076f5\" data-element_type=\"widget\" data-e-type=\"widget\" data-widget_type=\"icon.default\">\n\t\t\t\t\t\t\t<div class=\"elementor-icon-wrapper\">\n\t\t\t<div class=\"elementor-icon\">\n\t\t\t<i aria-hidden=\"true\" class=\"icon icon-gift\"><\/i>\t\t\t<\/div>\n\t\t<\/div>\n\t\t\t\t\t\t<\/div>\n\t\t\t\t<div class=\"elementor-element elementor-element-ab8c8c0 elementor-widget elementor-widget-heading\" data-id=\"ab8c8c0\" data-element_type=\"widget\" data-e-type=\"widget\" data-widget_type=\"heading.default\">\n\t\t\t\t\t<h2 class=\"elementor-heading-title elementor-size-default\">Offrir<\/h2>\t\t\t\t<\/div>\n\t\t\t\t<\/div>\n\t\t\t\t<\/a>\n\t\t\t\t\t<\/div>\n\t\t\t\t<\/div>\n\t\t<div class=\"elementor-element elementor-element-e4a204b ancre-page e-flex e-con-boxed e-con e-parent\" data-id=\"e4a204b\" data-element_type=\"container\" data-e-type=\"container\" id=\"cadeau-spa\">\n\t\t\t\t\t<div class=\"e-con-inner\">\n\t\t<a class=\"elementor-element elementor-element-283e0c3 e-con-full offre-card e-flex e-con e-child\" data-id=\"283e0c3\" data-element_type=\"container\" data-e-type=\"container\" data-settings=\"{&quot;background_background&quot;:&quot;classic&quot;}\" href=\"https:\/\/odycea-devoluy.tickeasy.com\/fr-FR\/produits?familles=1914962525050400022\" target=\"_blank\">\n\t\t<div class=\"elementor-element elementor-element-3c53ebe e-con-full e-flex e-con e-child\" data-id=\"3c53ebe\" data-element_type=\"container\" data-e-type=\"container\">\n\t\t\t\t<div class=\"elementor-element elementor-element-aa9ea77 title-publication-loop elementor-widget elementor-widget-heading\" data-id=\"aa9ea77\" data-element_type=\"widget\" data-e-type=\"widget\" data-widget_type=\"heading.default\">\n\t\t\t\t\t<h3 class=\"elementor-heading-title elementor-size-default\">Bon Cadeau Spa \u2013 \u00c9vasion &amp; Relaxation Absolue<\/h3>\t\t\t\t<\/div>\n\t\t\t\t<div class=\"elementor-element elementor-element-df7c289 elementor-widget__width-initial offre-description elementor-widget elementor-widget-text-editor\" data-id=\"df7c289\" data-element_type=\"widget\" data-e-type=\"widget\" data-widget_type=\"text-editor.default\">\n\t\t\t\t\t\t\t\t\t<p>Le cadeau id\u00e9al pour une pause bien-\u00eatre profonde. Ce bon donne acc\u00e8s \u00e0 l\u2019espace Baln\u00e9o ainsi qu\u2019au Spa : hammams, saunas, puits froid, tisanerie, solarium et espace de relaxation. Une immersion sensorielle d\u00e9di\u00e9e au l\u00e2cher-prise, r\u00e9serv\u00e9e aux plus de 16 ans.<\/p>\t\t\t\t\t\t\t\t<\/div>\n\t\t\t\t<\/div>\n\t\t<div class=\"elementor-element elementor-element-85a25fe e-con-full e-flex e-con e-child\" data-id=\"85a25fe\" data-element_type=\"container\" data-e-type=\"container\">\n\t\t\t\t<div class=\"elementor-element elementor-element-cb1a9b2 elementor-view-default elementor-widget elementor-widget-icon\" data-id=\"cb1a9b2\" data-element_type=\"widget\" data-e-type=\"widget\" data-widget_type=\"icon.default\">\n\t\t\t\t\t\t\t<div class=\"elementor-icon-wrapper\">\n\t\t\t<div class=\"elementor-icon\">\n\t\t\t<i aria-hidden=\"true\" class=\"icon icon-gift\"><\/i>\t\t\t<\/div>\n\t\t<\/div>\n\t\t\t\t\t\t<\/div>\n\t\t\t\t<div class=\"elementor-element elementor-element-76ecb07 elementor-widget elementor-widget-heading\" data-id=\"76ecb07\" data-element_type=\"widget\" data-e-type=\"widget\" data-widget_type=\"heading.default\">\n\t\t\t\t\t<h2 class=\"elementor-heading-title elementor-size-default\">Offrir<\/h2>\t\t\t\t<\/div>\n\t\t\t\t<\/div>\n\t\t\t\t<\/a>\n\t\t\t\t\t<\/div>\n\t\t\t\t<\/div>\n\t\t<div class=\"elementor-element elementor-element-d817163 ancre-page e-flex e-con-boxed e-con e-parent\" data-id=\"d817163\" data-element_type=\"container\" data-e-type=\"container\" id=\"cadeau-soins\">\n\t\t\t\t\t<div class=\"e-con-inner\">\n\t\t<a class=\"elementor-element elementor-element-f3ca3fd e-con-full offre-card e-flex e-con e-child\" data-id=\"f3ca3fd\" data-element_type=\"container\" data-e-type=\"container\" data-settings=\"{&quot;background_background&quot;:&quot;classic&quot;}\" href=\"https:\/\/odycea-devoluy.tickeasy.com\/fr-FR\/produits?familles=1914962693860400030\" target=\"_blank\">\n\t\t<div class=\"elementor-element elementor-element-79a698a e-con-full e-flex e-con e-child\" data-id=\"79a698a\" data-element_type=\"container\" data-e-type=\"container\">\n\t\t\t\t<div class=\"elementor-element elementor-element-82a8401 title-publication-loop elementor-widget elementor-widget-heading\" data-id=\"82a8401\" data-element_type=\"widget\" data-e-type=\"widget\" data-widget_type=\"heading.default\">\n\t\t\t\t\t<h3 class=\"elementor-heading-title elementor-size-default\">Bon Cadeau Soins \u2013 Soin du Corps &amp; Harmonie<\/h3>\t\t\t\t<\/div>\n\t\t\t\t<div class=\"elementor-element elementor-element-4d51ef6 elementor-widget__width-initial offre-description elementor-widget elementor-widget-text-editor\" data-id=\"4d51ef6\" data-element_type=\"widget\" data-e-type=\"widget\" data-widget_type=\"text-editor.default\">\n\t\t\t\t\t\t\t\t\t<p>Offrez un v\u00e9ritable voyage sensoriel gr\u00e2ce \u00e0 nos soins et massages de 15 \u00e0 90 minutes. Relaxants, revitalisants ou cibl\u00e9s, nos soins lib\u00e8rent les tensions et r\u00e9\u00e9quilibrent le corps et l\u2019esprit. Pour les soins longs, un acc\u00e8s aux espaces Baln\u00e9o et Spa est inclus pour prolonger le plaisir.<\/p>\t\t\t\t\t\t\t\t<\/div>\n\t\t\t\t<\/div>\n\t\t<div class=\"elementor-element elementor-element-393d39e e-con-full e-flex e-con e-child\" data-id=\"393d39e\" data-element_type=\"container\" data-e-type=\"container\">\n\t\t\t\t<div class=\"elementor-element elementor-element-1764dec elementor-view-default elementor-widget elementor-widget-icon\" data-id=\"1764dec\" data-element_type=\"widget\" data-e-type=\"widget\" data-widget_type=\"icon.default\">\n\t\t\t\t\t\t\t<div class=\"elementor-icon-wrapper\">\n\t\t\t<div class=\"elementor-icon\">\n\t\t\t<i aria-hidden=\"true\" class=\"icon icon-gift\"><\/i>\t\t\t<\/div>\n\t\t<\/div>\n\t\t\t\t\t\t<\/div>\n\t\t\t\t<div class=\"elementor-element elementor-element-147aa87 elementor-widget elementor-widget-heading\" data-id=\"147aa87\" data-element_type=\"widget\" data-e-type=\"widget\" data-widget_type=\"heading.default\">\n\t\t\t\t\t<h2 class=\"elementor-heading-title elementor-size-default\">Offrir<\/h2>\t\t\t\t<\/div>\n\t\t\t\t<\/div>\n\t\t\t\t<\/a>\n\t\t\t\t\t<\/div>\n\t\t\t\t<\/div>\n\t\t<div class=\"elementor-element elementor-element-df43215 ancre-page e-flex e-con-boxed e-con e-parent\" data-id=\"df43215\" data-element_type=\"container\" data-e-type=\"container\" id=\"deja-boncadeau\">\n\t\t\t\t\t<div class=\"e-con-inner\">\n\t\t<a class=\"elementor-element elementor-element-b66cdcd e-con-full offre-card e-flex e-con e-child\" data-id=\"b66cdcd\" data-element_type=\"container\" data-e-type=\"container\" data-settings=\"{&quot;background_background&quot;:&quot;classic&quot;}\" href=\"https:\/\/odycea-devoluy.tickeasy.com\/fr-FR\/produits?familles=2117435053300400051\" target=\"_blank\">\n\t\t<div class=\"elementor-element elementor-element-6c1b694 e-con-full e-flex e-con e-child\" data-id=\"6c1b694\" data-element_type=\"container\" data-e-type=\"container\">\n\t\t\t\t<div class=\"elementor-element elementor-element-bf3e220 title-publication-loop elementor-widget elementor-widget-heading\" data-id=\"bf3e220\" data-element_type=\"widget\" data-e-type=\"widget\" data-widget_type=\"heading.default\">\n\t\t\t\t\t<h3 class=\"elementor-heading-title elementor-size-default\">Vous avez d\u00e9j\u00e0 un bon cadeau ?<\/h3>\t\t\t\t<\/div>\n\t\t\t\t<div class=\"elementor-element elementor-element-d151510 elementor-widget__width-initial offre-description elementor-widget elementor-widget-text-editor\" data-id=\"d151510\" data-element_type=\"widget\" data-e-type=\"widget\" data-widget_type=\"text-editor.default\">\n\t\t\t\t\t\t\t\t\t<p>Vous avez re\u00e7u un bon cadeau O\u2019dyc\u00e9a ? R\u00e9servez votre entr\u00e9e.<\/p>\t\t\t\t\t\t\t\t<\/div>\n\t\t\t\t<\/div>\n\t\t<div class=\"elementor-element elementor-element-37094e6 e-con-full e-flex e-con e-child\" data-id=\"37094e6\" data-element_type=\"container\" data-e-type=\"container\">\n\t\t\t\t<div class=\"elementor-element elementor-element-b0b3968 elementor-view-default elementor-widget elementor-widget-icon\" data-id=\"b0b3968\" data-element_type=\"widget\" data-e-type=\"widget\" data-widget_type=\"icon.default\">\n\t\t\t\t\t\t\t<div class=\"elementor-icon-wrapper\">\n\t\t\t<div class=\"elementor-icon\">\n\t\t\t<i aria-hidden=\"true\" class=\"icon icon-gift\"><\/i>\t\t\t<\/div>\n\t\t<\/div>\n\t\t\t\t\t\t<\/div>\n\t\t\t\t<div class=\"elementor-element elementor-element-30edaf9 elementor-widget elementor-widget-heading\" data-id=\"30edaf9\" data-element_type=\"widget\" data-e-type=\"widget\" data-widget_type=\"heading.default\">\n\t\t\t\t\t<h2 class=\"elementor-heading-title elementor-size-default\">Je r\u00e9serve<\/h2>\t\t\t\t<\/div>\n\t\t\t\t<\/div>\n\t\t\t\t<\/a>\n\t\t\t\t\t<\/div>\n\t\t\t\t<\/div>\n\t\t\t\t<\/div>\n\t\t","protected":false},"excerpt":{"rendered":"<p>Bons cadeaux \u00c0 la recherche d\u2019une id\u00e9e de cadeau bien-\u00eatre originale et relaxante ? D\u00e9couvrez nos bons cadeaux Spa, Baln\u00e9o et Soins, con\u00e7us pour offrir un moment de d\u00e9tente inoubliable, seul, en duo ou en famille. Que ce soit pour un anniversaire, une f\u00eate, No\u00ebl ou simplement pour faire plaisir, nos bons cadeaux s\u2019adaptent \u00e0 [&hellip;]<\/p>\n","protected":false},"author":1,"featured_media":0,"parent":0,"menu_order":0,"comment_status":"closed","ping_status":"closed","template":"","meta":{"_acf_changed":false,"footnotes":""},"class_list":["post-3543","page","type-page","status-publish","hentry"],"acf":[],"_links":{"self":[{"href":"https:\/\/odycea-devoluy.com\/en\/wp-json\/wp\/v2\/pages\/3543","targetHints":{"allow":["GET"]}}],"collection":[{"href":"https:\/\/odycea-devoluy.com\/en\/wp-json\/wp\/v2\/pages"}],"about":[{"href":"https:\/\/odycea-devoluy.com\/en\/wp-json\/wp\/v2\/types\/page"}],"author":[{"embeddable":true,"href":"https:\/\/odycea-devoluy.com\/en\/wp-json\/wp\/v2\/users\/1"}],"replies":[{"embeddable":true,"href":"https:\/\/odycea-devoluy.com\/en\/wp-json\/wp\/v2\/comments?post=3543"}],"version-history":[{"count":106,"href":"https:\/\/odycea-devoluy.com\/en\/wp-json\/wp\/v2\/pages\/3543\/revisions"}],"predecessor-version":[{"id":4562,"href":"https:\/\/odycea-devoluy.com\/en\/wp-json\/wp\/v2\/pages\/3543\/revisions\/4562"}],"wp:attachment":[{"href":"https:\/\/odycea-devoluy.com\/en\/wp-json\/wp\/v2\/media?parent=3543"}],"curies":[{"name":"wp","href":"https:\/\/api.w.org\/{rel}","templated":true}]}}