{"id":1845,"date":"2025-12-10T12:54:36","date_gmt":"2025-12-10T12:54:36","guid":{"rendered":"http:\/\/odycea-devoluy.com\/?page_id=1845"},"modified":"2026-01-16T14:49:39","modified_gmt":"2026-01-16T14:49:39","slug":"mentions-legales","status":"publish","type":"page","link":"https:\/\/odycea-devoluy.com\/en\/mentions-legales\/","title":{"rendered":"Legal notice"},"content":{"rendered":"<h2>Preamble<\/h2>\n<p>\n  In accordance with the provisions of Articles 6-III and 19 of Law No. 2004-575 of 21 June 2004 on Confidence in the Digital Economy, known as the LCEN, users and visitors, hereinafter referred to as the &quot;User&quot;, of the website are hereby informed<br \/>\n  <a href=\"https:\/\/odycea-devoluy.com\/en\/\">https:\/\/www.odycea-devoluy.com\/<\/a>, hereinafter referred to as the \u00abSite\u00bb, these legal notices.\n<\/p>\n<p>\n  Connecting to and browsing the Site by the User implies full and unreserved acceptance of these legal notices.\n<\/p>\n<p>\n  These are accessible on the Site under the heading &quot;Legal Notices&quot;.\n<\/p>\n<h2>Site owner<\/h2>\n<p>\n  The site <a href=\"https:\/\/odycea-devoluy.com\/en\/\">https:\/\/www.odycea-devoluy.com\/<\/a> is the property of:\n<\/p>\n<ul>\n<li>O&#039;dyc\u00e9a<\/li>\n<li>The Baths of D\u00e9voluy<\/li>\n<li>05250 Le D\u00e9voluy, France<\/li>\n<li>Such. : <a href=\"tel:+33492200919\">04 92 20 09 19<\/a><\/li>\n<li>Email: <a href=\"mailto:contact@odycea-devoluy.com\">contact@odycea-devoluy.com<\/a><\/li>\n<li>SIREN: 83242866800012<\/li>\n<\/ul>\n<h2>Publication Manager<\/h2>\n<p>Laure GOCKEL<\/p>\n<h2>Editorial Manager<\/h2>\n<p>Laure GOCKEL<\/p>\n<h2>The publisher<\/h2>\n<p>\n  This website, accessible at the address<br \/>\n  <a href=\"https:\/\/odycea-devoluy.com\/en\/\">https:\/\/www.odycea-devoluy.com\/<\/a><br \/>\n  is developed by SAS BIMBEAU, APE code 46.90Z, under SIRET number 89202339100014,<br \/>\n  whose registered office is located at the following address:\n<\/p>\n<ul>\n<li>SAS BIMBEAU<\/li>\n<li>19 Quai Rive Neuve<\/li>\n<li>13007 Marseille<\/li>\n<\/ul>\n<h2>The host<\/h2>\n<p>\n  This site is hosted by HOSTINGER, whose registered office is located at<br \/>\n  61 Lordou Vironos Street, 6023 Larnaca, Cyprus,<br \/>\n  can be contacted via the following means:<br \/>\n  <a href=\"https:\/\/www.hostinger.fr\/contact\" target=\"_blank\" rel=\"noopener\"><br \/>\n    https:\/\/www.hostinger.fr\/contact<br \/>\n  <\/a>.\n<\/p>\n<h2>Access to the site<\/h2>\n<p>\n  The Site is accessible from anywhere, 24\/7, except in cases of force majeure.,<br \/>\n  scheduled or unscheduled interruption, which may result from a maintenance requirement.\n<\/p>\n<p>\n  In the event of modification, interruption or suspension of the Site, the Publisher cannot be held responsible.\n<\/p>\n<h2>System requirements<\/h2>\n<p>\n  The site was developed for optimal performance on web standards-compliant browsers.<br \/>\n  such as Chrome, Firefox, Safari, Opera and for Internet Explorer above 8.<br \/>\n  For any technical questions regarding the site, please send an email to the webmaster at the following address:<br \/>\n  <a href=\"mailto:contact@odycea-devoluy.com\">contact@odycea-devoluy.com<\/a>.<\/p>","protected":false},"excerpt":{"rendered":"<p>Pr\u00e9ambule Conform\u00e9ment aux dispositions des Articles 6-III et 19 de la Loi n\u00b02004-575 du 21 juin 2004 pour la Confiance dans l\u2019\u00e9conomie num\u00e9rique, dite L.C.E.N., il est port\u00e9 \u00e0 la connaissance des utilisateurs et visiteurs, ci-apr\u00e8s l&rsquo;\u00abUtilisateur\u00bb, du site https:\/\/www.odycea-devoluy.com\/, ci-apr\u00e8s le \u00abSite\u00bb, les pr\u00e9sentes mentions l\u00e9gales. La connexion et la navigation sur le Site [&hellip;]<\/p>\n","protected":false},"author":1,"featured_media":0,"parent":0,"menu_order":0,"comment_status":"closed","ping_status":"closed","template":"","meta":{"_acf_changed":false,"footnotes":""},"class_list":["post-1845","page","type-page","status-publish","hentry"],"acf":[],"_links":{"self":[{"href":"https:\/\/odycea-devoluy.com\/en\/wp-json\/wp\/v2\/pages\/1845","targetHints":{"allow":["GET"]}}],"collection":[{"href":"https:\/\/odycea-devoluy.com\/en\/wp-json\/wp\/v2\/pages"}],"about":[{"href":"https:\/\/odycea-devoluy.com\/en\/wp-json\/wp\/v2\/types\/page"}],"author":[{"embeddable":true,"href":"https:\/\/odycea-devoluy.com\/en\/wp-json\/wp\/v2\/users\/1"}],"replies":[{"embeddable":true,"href":"https:\/\/odycea-devoluy.com\/en\/wp-json\/wp\/v2\/comments?post=1845"}],"version-history":[{"count":3,"href":"https:\/\/odycea-devoluy.com\/en\/wp-json\/wp\/v2\/pages\/1845\/revisions"}],"predecessor-version":[{"id":4039,"href":"https:\/\/odycea-devoluy.com\/en\/wp-json\/wp\/v2\/pages\/1845\/revisions\/4039"}],"wp:attachment":[{"href":"https:\/\/odycea-devoluy.com\/en\/wp-json\/wp\/v2\/media?parent=1845"}],"curies":[{"name":"wp","href":"https:\/\/api.w.org\/{rel}","templated":true}]}}